{"id":5881,"date":"2022-05-18T12:39:20","date_gmt":"2022-05-18T12:39:20","guid":{"rendered":"https:\/\/www.betrisey.ch\/montres-en-damas-technique"},"modified":"2022-05-18T12:39:20","modified_gmt":"2022-05-18T12:39:20","slug":"montres-en-damas-technique","status":"publish","type":"page","link":"https:\/\/www.betrisey.ch\/ru\/montres-en-damas-technique","title":{"rendered":"Montres en damas: technique"},"content":{"rendered":"\n<p>L&#8217;id\u00e9e de la montre vint d&#8217;abord de la mati\u00e8re. Le damas donne une touche organique au plus froid des aciers. Il est toujours diff\u00e9rent selon les angles de la lumi\u00e8re. C&#8217;\u00e9tait parfait pour en faire une montre unique.<\/p>\n\n\n\n<p>Il y eut donc le choix de la forme. Comme les dessins n&#8217;arrivaient pas \u00e0 montrer grand-chose, je d\u00e9cidai alors de fabriquer quelques prototypes.<\/p>\n\n\n\n<p>Arriv\u00e8rent alors les probl\u00e8mes dus \u00e0 l&#8217;usinage: comment fabriquer un bo\u00eetier de montre avec les grossiers outils que j&#8217;avais \u00e0 disposition? Ceci donna lieu \u00e0 de belles empoignades: l&#8217;usinage du support d&#8217;usinage de bo\u00eetier prit deux fois plus de temps que le bo\u00eetier lui-m\u00eame. Car ce bo\u00eetier ne peut pas ressembler aux montres classiques qui ont un cadran rapport\u00e9: il doit \u00eatre usin\u00e9 d&#8217;une pi\u00e8ce directement dans le lingot pour que les lignes du damas traversent le bo\u00eetier de part et d&#8217;autre. Ce qui veut dire que <strong>le cadran fait partie int\u00e9grante du ch\u00e2ssis<\/strong>. Et comme il ne fait que 3 dixi\u00e8mes de millim\u00e8tres d&#8217;\u00e9paisseur, les derni\u00e8res passes du tour se font en apn\u00e9e&#8230; Une seule erreur commise \u00e0 ce moment-l\u00e0 se traduit in\u00e9vitablement par une semaine de travail perdue, et tous les jurons qui vont avec. La montre &#171;squelette&#187; est justement une de ces erreurs.<\/p>\n\n\n\n<p>Les derniers travaux ne sont plus que des formalit\u00e9s: usinage du cercle d&#8217;embo\u00eetage, montage, pose des aiguilles, du verre et du fond. Le mouvement est un calibre automatique suisse. <br>&nbsp;<br>&nbsp;<\/p>\n\n\n\n<p class=\"has-text-align-center\"><img loading=\"lazy\" decoding=\"async\" src=\"https:\/\/2022.betrisey.ch\/wp-content\/uploads\/2022\/05\/proto2c.jpg\" width=\"300\" height=\"225\">&nbsp;&nbsp; <\/p>\n\n\n\n<p class=\"has-text-align-center\">D\u00e9coupage du lingot brut d&#8217;acier Damas<\/p>\n\n\n\n<p class=\"has-text-align-center\"><img loading=\"lazy\" decoding=\"async\" src=\"https:\/\/2022.betrisey.ch\/wp-content\/uploads\/2022\/05\/proto2e.jpg\" width=\"300\" height=\"225\">&nbsp;&nbsp; <\/p>\n\n\n\n<p class=\"has-text-align-center\">Installation sur le support d&#8217;usinage<\/p>\n\n\n\n<p class=\"has-text-align-center\"><img loading=\"lazy\" decoding=\"async\" src=\"https:\/\/2022.betrisey.ch\/wp-content\/uploads\/2022\/05\/proto2f.jpg\" width=\"300\" height=\"225\">&nbsp;&nbsp; <\/p>\n\n\n\n<p class=\"has-text-align-center\">Tournage de la cavit\u00e9 interne et du cadran (\u00e0 l&#8217;aide d&#8217;une vieille fraise de 10mm usin\u00e9e expr\u00e8s, le meilleur outil que j&#8217;aie pu trouver.<\/p>\n\n\n\n<p class=\"has-text-align-center\"><img loading=\"lazy\" decoding=\"async\" src=\"https:\/\/2022.betrisey.ch\/wp-content\/uploads\/2022\/05\/proto2g.jpg\" width=\"300\" height=\"225\">&nbsp;&nbsp; <\/p>\n\n\n\n<p class=\"has-text-align-center\">D\u00e9coupage des attaches<\/p>\n\n\n\n<p class=\"has-text-align-center\"><img loading=\"lazy\" decoding=\"async\" src=\"https:\/\/2022.betrisey.ch\/wp-content\/uploads\/2022\/05\/proto2h.jpg\" width=\"300\" height=\"225\">&nbsp;&nbsp; <\/p>\n\n\n\n<p class=\"has-text-align-center\">Fraisage des attaches<\/p>\n\n\n\n<p class=\"has-text-align-center\"><img loading=\"lazy\" decoding=\"async\" src=\"https:\/\/2022.betrisey.ch\/wp-content\/uploads\/2022\/05\/proto2i.jpg\" width=\"300\" height=\"225\">&nbsp;&nbsp; <\/p>\n\n\n\n<p class=\"has-text-align-center\">Renversement de la pi\u00e8ce<\/p>\n\n\n\n<p class=\"has-text-align-center\"><img loading=\"lazy\" decoding=\"async\" src=\"https:\/\/2022.betrisey.ch\/wp-content\/uploads\/2022\/05\/proto2j.jpg\" width=\"300\" height=\"225\">&nbsp;&nbsp; <\/p>\n\n\n\n<p class=\"has-text-align-center\">Tournage du bomb\u00e9 sup\u00e9rieur et du cadran<\/p>\n\n\n\n<p>Les premi\u00e8res \u00e9bauches sont n\u00e9es depuis quelques temps d\u00e9j\u00e0. Ce ne sont que des prototypes et ils ont chacun leurs petits d\u00e9fauts. Je les porte quelques temps au poignet, puis usine un nouveau bo\u00eetier pour corriger et am\u00e9liorer ce qui est possible.<\/p>\n\n\n<div class=\"wp-block-image\">\n<figure class=\"aligncenter\"><img decoding=\"async\" src=\"https:\/\/2022.betrisey.ch\/wp-content\/uploads\/2022\/05\/holygraal.jpg\" alt=\"\"\/><\/figure>\n<\/div>\n\n\n<p class=\"has-text-align-center\"><img loading=\"lazy\" decoding=\"async\" src=\"https:\/\/2022.betrisey.ch\/wp-content\/uploads\/2022\/05\/proto2k.jpg\" width=\"500\" height=\"508\"><br>Le tout premier prototype de montre en acier damas<br>&nbsp;<\/p>\n\n\n\n<p><\/p>\n\n\n\n<p><\/p>\n\n\n\n<p><\/p>\n\n\n\n<p><\/p>\n\n\n\n<p><\/p>\n\n\n\n<p><\/p>\n\n\n\n<p><\/p>\n\n\n\n<p><\/p>\n","protected":false},"excerpt":{"rendered":"<p>L&#8217;id\u00e9e de la montre vint d&#8217;abord de la mati\u00e8re. Le damas donne une touche organique au plus froid des aciers. Il est toujours diff\u00e9rent selon les angles de la lumi\u00e8re. C&#8217;\u00e9tait parfait pour en faire une montre unique. Il y eut donc le choix de la forme. Comme les dessins n&#8217;arrivaient pas \u00e0 montrer grand-chose, [&hellip;]<\/p>\n","protected":false},"author":2,"featured_media":0,"parent":0,"menu_order":0,"comment_status":"closed","ping_status":"closed","template":"","meta":{"_acf_changed":false,"footnotes":""},"class_list":["post-5881","page","type-page","status-publish","hentry"],"acf":[],"_links":{"self":[{"href":"https:\/\/www.betrisey.ch\/ru\/wp-json\/wp\/v2\/pages\/5881","targetHints":{"allow":["GET"]}}],"collection":[{"href":"https:\/\/www.betrisey.ch\/ru\/wp-json\/wp\/v2\/pages"}],"about":[{"href":"https:\/\/www.betrisey.ch\/ru\/wp-json\/wp\/v2\/types\/page"}],"author":[{"embeddable":true,"href":"https:\/\/www.betrisey.ch\/ru\/wp-json\/wp\/v2\/users\/2"}],"replies":[{"embeddable":true,"href":"https:\/\/www.betrisey.ch\/ru\/wp-json\/wp\/v2\/comments?post=5881"}],"version-history":[{"count":0,"href":"https:\/\/www.betrisey.ch\/ru\/wp-json\/wp\/v2\/pages\/5881\/revisions"}],"wp:attachment":[{"href":"https:\/\/www.betrisey.ch\/ru\/wp-json\/wp\/v2\/media?parent=5881"}],"curies":[{"name":"wp","href":"https:\/\/api.w.org\/{rel}","templated":true}]}}