{"id":5343,"date":"2024-05-13T07:15:07","date_gmt":"2024-05-13T07:15:07","guid":{"rendered":"https:\/\/www.betrisey.ch\/minifoucault-n-23-donnees-techniques"},"modified":"2024-05-13T07:15:07","modified_gmt":"2024-05-13T07:15:07","slug":"minifoucault-n-23-donnees-techniques","status":"publish","type":"page","link":"https:\/\/www.betrisey.ch\/zh-hans\/minifoucault-n-23-donnees-techniques","title":{"rendered":"MiniFoucault n\u00b0 23: donn\u00e9es techniques."},"content":{"rendered":"\n<p class=\"has-text-align-center\">Tir\u00e9 de la pr\u00e9sentation au colloque \u00abpendule de Foucault\u00bb, Fort St P\u00e8re, Bretagne, le 4 mai 2024.)<\/p>\n\n\n\n<div style=\"height:27px\" aria-hidden=\"true\" class=\"wp-block-spacer\"><\/div>\n\n\n\n<p><strong>\u00abEt pourtant il tourne&nbsp;!\u00bb<\/strong><\/p>\n\n\n\n<p>Le mod\u00e8le pr\u00e9sent\u00e9 ici un petit pendule de Foucault .<\/p>\n\n\n\n<p>J\u2019ai pr\u00e9f\u00e9r\u00e9 le montrer lui plut\u00f4t qu\u2019un autre car ses 19 centim\u00e8tres exacerbent toutes les difficult\u00e9s que l\u2019on peut rencontrer sur les grands pendules. En outre, je l\u2019ai con\u00e7u \u00e0 l\u2019origine pour une utilisation permanente en lui infligeant des contraintes jamais vues ailleurs&nbsp;: une longueur d\u2019oscillation limit\u00e9e \u00e0 2 centim\u00e8tres minimisant d\u2019autant l\u2019effet de Coriolis. C\u2019\u00e9tait l\u00e0 le prix \u00e0 payer pour assurer sa long\u00e9vit\u00e9. Les quelques lignes ci-dessous d\u00e9voilent la partie technique du pendule en \u00e9ludant soigneusement toute r\u00e9f\u00e9rence scientifique.<\/p>\n\n\n\n<div style=\"height:27px\" aria-hidden=\"true\" class=\"wp-block-spacer\"><\/div>\n\n\n\n<p><strong>&nbsp;&#8220;Il n&#8217;y a pas que la longueur qui compte&#8230;&#8221;<\/strong><\/p>\n\n\n\n<p>Pendule de Foucault \u00e0 oscillation entretenue par un \u00e9lectro-aimant aliment\u00e9 par une pile de 1.5 volts autorisant trois ans d\u2019utilisation continue. Ch\u00e2ssis usin\u00e9 dans un bloc de granit. Le bloc de suspension est un tour d\u2019horloger. Le fil est une corde de guitare D\u2019Addario PL008 de 0.18 mm, l\u2019anneau de Charron un palier d\u2019axe d\u2019imprimante et l\u2019aimant une b\u00eate terre rare de 5 mm. Le poids du pendule est de 1.4 kilos pour une amplitude d\u2019oscillation inf\u00e9rieure \u00e0 1.5\u00b0.&nbsp;Sa longueur est de 19 centim\u00e8tres, mais elle est pr\u00e9vue pour \u00eatre r\u00e9duite \u00e0 15 centim\u00e8tres sans outils<\/p>\n\n\n\n<div style=\"height:27px\" aria-hidden=\"true\" class=\"wp-block-spacer\"><\/div>\n\n\n\n<p><strong>Les enjeux&nbsp;:<\/strong><\/p>\n\n\n\n<p>Si l\u2019on r\u00e9sume,&nbsp;un&nbsp;grand&nbsp;pendule&nbsp;supporte&nbsp;all\u00e8grement&nbsp;des&nbsp;erreurs de conception. Un pendule de moins de deux m\u00e8tres en&nbsp;tol\u00e8re&nbsp;beaucoup moins&nbsp;et demande&nbsp;en&nbsp;outre&nbsp;un anneau dit \u00abde Charron\u00bb r\u00e9duisant&nbsp;l\u2019effet d\u2019ellipse que sa&nbsp;petite taille&nbsp;induit. Un pendule de moins d\u2019un m\u00e8tre ne pardonne&nbsp;plus&nbsp;rien.&nbsp;Mais pour&nbsp;un pendule de&nbsp;20 centim\u00e8tres,&nbsp;l\u2019\u00e9chelle des soucis&nbsp;devient&nbsp;logarithmique: r\u00e9duire sa longueur d\u2019un seul centim\u00e8tre double chaque fois le nombre de probl\u00e8mes \u00e0 r\u00e9soudre.&nbsp;D\u2019o\u00f9 le charme&nbsp;discret&nbsp;de la chose\u2026<\/p>\n\n\n\n<div style=\"height:27px\" aria-hidden=\"true\" class=\"wp-block-spacer\"><\/div>\n\n\n\n<p><strong>Les probl\u00e9matiques intrins\u00e8ques&nbsp;:<\/strong><\/p>\n\n\n\n<p>C\u2019est un probl\u00e8me \u00e0 douze inconnues qui sont toutes li\u00e9es&nbsp;: b\u00e2clez-en seulement une et votre pendule ne tournera jamais. Il faut donc faire en sorte qu&#8217;elles puissent \u00eatre toutes r\u00e9glables s\u00e9par\u00e9ment, pour la plupart sans outils.<\/p>\n\n\n\n<div style=\"height:27px\" aria-hidden=\"true\" class=\"wp-block-spacer\"><\/div>\n\n\n<div class=\"wp-block-image\">\n<figure class=\"aligncenter size-large\"><img loading=\"lazy\" decoding=\"async\" width=\"618\" height=\"1024\" src=\"https:\/\/www.betrisey.ch\/wp-content\/uploads\/2024\/05\/minifouc-618x1024.jpg\" alt=\"\" class=\"wp-image-3235\" srcset=\"https:\/\/www.betrisey.ch\/wp-content\/uploads\/2024\/05\/minifouc-618x1024.jpg 618w, https:\/\/www.betrisey.ch\/wp-content\/uploads\/2024\/05\/minifouc-181x300.jpg 181w, https:\/\/www.betrisey.ch\/wp-content\/uploads\/2024\/05\/minifouc-768x1273.jpg 768w, https:\/\/www.betrisey.ch\/wp-content\/uploads\/2024\/05\/minifouc-926x1536.jpg 926w, https:\/\/www.betrisey.ch\/wp-content\/uploads\/2024\/05\/minifouc-1235x2048.jpg 1235w, https:\/\/www.betrisey.ch\/wp-content\/uploads\/2024\/05\/minifouc-scaled.jpg 1544w\" sizes=\"auto, (max-width: 618px) 100vw, 618px\" \/><\/figure>\n<\/div>\n\n\n<p><strong>1) La rigidit\u00e9 de la suspension.<\/strong><\/p>\n\n\n\n<p>Vitale dans tous les cas, corn\u00e9lienne quand il s\u2019agit d\u2019un pendule sur pied. Pour le MiniFoucault, un milli\u00e8me de millim\u00e8tre de torsion du ch\u00e2ssis est suffisant pour ruiner d\u00e9finitivement l\u2019exp\u00e9rience. Elle se mesure au comparateur.<\/p>\n\n\n\n<div style=\"height:27px\" aria-hidden=\"true\" class=\"wp-block-spacer\"><\/div>\n\n\n\n<p><strong>2) Les niveaux.<\/strong><\/p>\n\n\n\n<p>Trois vis de r\u00e9glages sont parfaites, quatre sont ing\u00e9rables. C\u2019est le rasoir d\u2019Ockham de la stabilit\u00e9&nbsp;: une chaise \u00e0 trois pieds ne sera jamais bancale. Ils se mesurent \u00e0 la bulle.<\/p>\n\n\n\n<div style=\"height:27px\" aria-hidden=\"true\" class=\"wp-block-spacer\"><\/div>\n\n\n\n<p><strong>3) Le sens du fil.<\/strong><\/p>\n\n\n\n<p>Il doit pouvoir \u00eatre compl\u00e8tement tourn\u00e9 sur lui-m\u00eame. Si un pendule oscille sans rotation, tourner le fil de 15 minutes dans le sens horaire. Si la rotation ne suit pas, c\u2019est que la v\u00e9rit\u00e9 est ailleurs.<\/p>\n\n\n\n<div style=\"height:27px\" aria-hidden=\"true\" class=\"wp-block-spacer\"><\/div>\n\n\n\n<p><strong>4<\/strong><strong>) La hauteur du fil.<\/strong><\/p>\n\n\n\n<p>C\u2019est toujours mieux quand elle peut \u00eatre r\u00e9gl\u00e9e. Dans le cas pr\u00e9sent, le fil est juste guid\u00e9 par la suspension mais pas serr\u00e9 dedans. La hauteur se r\u00e8gle donc en laissant glisser le fil \u00e0 travers la suspension.<\/p>\n\n\n\n<div style=\"height:27px\" aria-hidden=\"true\" class=\"wp-block-spacer\"><\/div>\n\n\n\n<p><strong>5<\/strong><strong>) Le sens de la&nbsp;<\/strong><strong>suspension<\/strong><strong>.<\/strong><\/p>\n\n\n\n<p>Si le pendule oscille mais ne tourne toujours pas, il faut la tourner de 15 minutes dans le sens horaire. Si rien ne change, c\u2019est que la v\u00e9rit\u00e9 est encore ailleurs.<\/p>\n\n\n\n<div style=\"height:27px\" aria-hidden=\"true\" class=\"wp-block-spacer\"><\/div>\n\n\n\n<p><strong>6<\/strong><strong>) La&nbsp;<\/strong><strong>longueur du pendule<\/strong><strong>.<\/strong><\/p>\n\n\n\n<p>Elle se r\u00e8gle en d\u00e9vissant une manette permettant de monter ou descendre la suspension. Elle ne se mesure jamais avec une r\u00e8gle, toujours avec une horloge.<\/p>\n\n\n\n<div style=\"height:27px\" aria-hidden=\"true\" class=\"wp-block-spacer\"><\/div>\n\n\n\n<p><strong>7<\/strong><strong>) La hauteur de de l\u2019anneau de Charron.<\/strong><\/p>\n\n\n\n<p>Vitale. Il n\u2019y a pas de r\u00e8gle absolue qui d\u00e9termine sa hauteur, mais le fil ne devrait que le caresser. Elle d\u00e9pend donc de l\u2019amplitude de l\u2019oscillation du pendule. Se r\u00e8gle elle aussi en d\u00e9vissant une autre manette situ\u00e9e \u00e0 droite. Elle se mesure au pif.<\/p>\n\n\n\n<div style=\"height:27px\" aria-hidden=\"true\" class=\"wp-block-spacer\"><\/div>\n\n\n\n<p><strong>8<\/strong><strong>) Le centrage de l\u2019anneau de Charron<\/strong>.<\/p>\n\n\n\n<p>Vital.<\/p>\n\n\n\n<div style=\"height:27px\" aria-hidden=\"true\" class=\"wp-block-spacer\"><\/div>\n\n\n\n<p><strong>9<\/strong><strong>)&nbsp;<\/strong><strong>C<\/strong><strong>entrage&nbsp;<\/strong><strong>et rotation&nbsp;<\/strong><strong>d<\/strong><strong>e l\u2019\u00e9lectro-aimant<\/strong><strong>.<\/strong><\/p>\n\n\n\n<p>Vital.<\/p>\n\n\n\n<div style=\"height:27px\" aria-hidden=\"true\" class=\"wp-block-spacer\"><\/div>\n\n\n\n<p><strong>10<\/strong><strong>) Le centrage de l\u2019aimant.<\/strong><\/p>\n\n\n\n<p>Peu important, mais tellement agr\u00e9able.<\/p>\n\n\n\n<div style=\"height:27px\" aria-hidden=\"true\" class=\"wp-block-spacer\"><\/div>\n\n\n\n<p><strong>1<\/strong><strong>1<\/strong><strong>) La hauteur de l\u2019aimant.<\/strong><\/p>\n\n\n\n<p>Pas vitale, mais si pratique. Elle peut ainsi compenser un \u00e9ventuel changement de la longueur du fil.<\/p>\n\n\n\n<div style=\"height:27px\" aria-hidden=\"true\" class=\"wp-block-spacer\"><\/div>\n\n\n\n<p>&nbsp;<\/p>\n\n\n\n<p><strong>1<\/strong><strong>2)<\/strong><strong>&nbsp;L\u2019a\u00e9rodynamisme.<\/strong><\/p>\n\n\n\n<p>Ce probl\u00e8me est sournois car tr\u00e8s discret: un minuscule post-it coll\u00e9 sur le pendule m\u2019a une fois an\u00e9anti l\u2019effet de Coriolis durant une semaine sans que je n\u2019y comprenne rien. Un peu de sym\u00e9trie, que diable.<\/p>\n\n\n\n<div style=\"height:27px\" aria-hidden=\"true\" class=\"wp-block-spacer\"><\/div>\n\n\n\n<p><strong>Les probl\u00e9matiques extrins\u00e8ques&nbsp;:<\/strong><\/p>\n\n\n\n<p>1) Eloigner tout mat\u00e9riel magn\u00e9tique de 20 centim\u00e8tres autour de l\u2019aimant de propulsion.<\/p>\n\n\n\n<p>2) Eloigner de 20 centim\u00e8tres tout mat\u00e9riel amagn\u00e9tique conducteur d\u2019\u00e9lectricit\u00e9 situ\u00e9 sous l\u2019aimant de propulsion (cuivre, laiton, bronze, aluminium, argent, etc.) pour \u00e9viter tout frein de Foucault.&nbsp;<\/p>\n\n\n\n<p>C\u2019est tout. Les autres ph\u00e9nom\u00e8nes ext\u00e9rieurs comme le magn\u00e9tisme terrestre, la proximit\u00e9 d\u2019une montagne, les courants d\u2019air, les chocs et la pr\u00e9cision du lancement peuvent \u00eatre consid\u00e9r\u00e9s comme insignifiants. Par exemple, un choc sur le pendule lui fera faire un 8 dont l\u2019axe est le centre&nbsp;: il se stabilisera tr\u00e8s vite si l\u2019amplitude est plus grande que l\u2019anneau de Charron.<\/p>\n\n\n\n<div style=\"height:27px\" aria-hidden=\"true\" class=\"wp-block-spacer\"><\/div>\n\n\n\n<p><strong>Le protocole de r\u00e9glages.<\/strong><\/p>\n\n\n\n<p>On peut facilement se perdre en ann\u00e9es de r\u00e9glages (oui oui, en ann\u00e9es&nbsp;!) si l\u2019on ne respecte pas de m\u00e9thode dans les interventions. Ce MiniFoucault est ainsi parti simultan\u00e9ment en ellipse, en arri\u00e8re, s\u2019arr\u00eatait, restait coinc\u00e9 et ne faisait que ce qu\u2019il voulait durant deux mois jusqu\u2019\u00e0 ce que les bons r\u00e9glages soient effectu\u00e9s. Il n\u2019y a qu\u2019une seule r\u00e8gle&nbsp;pour ne pas se perdre: chaque modification doit pouvoir \u00eatre <strong>archiv\u00e9e, r\u00e9versible et prouvable<\/strong>.<\/p>\n\n\n\n<p>Voici donc la m\u00e9thode appliqu\u00e9e. Sur une feuille se trouvent huit colonnes. On y voit la date, l\u2019heure, le sens de la potence, le sens du fil, l\u2019angle de l\u2019oscillation, celui de l\u2019\u00e9ventuelle rotation et son sens, la hauteur de l\u2019anneau de Charon et le r\u00e9sultat. Les donn\u00e9es sont relev\u00e9es deux \u00e0 trois fois par jour jusqu\u2019\u00e0 ce que le pendule tourne. Pour les r\u00e9glages grossiers, je note les angles en minutes par pure facilit\u00e9. Quand viendra l\u2019heure des r\u00e9glages fins, je le ferai en degr\u00e9s.<\/p>\n\n\n\n<figure class=\"wp-block-image size-large\"><img loading=\"lazy\" decoding=\"async\" width=\"1024\" height=\"885\" src=\"https:\/\/www.betrisey.ch\/wp-content\/uploads\/2024\/05\/protocole-1024x885.jpg\" alt=\"\" class=\"wp-image-3237\" srcset=\"https:\/\/www.betrisey.ch\/wp-content\/uploads\/2024\/05\/protocole-1024x885.jpg 1024w, https:\/\/www.betrisey.ch\/wp-content\/uploads\/2024\/05\/protocole-300x259.jpg 300w, https:\/\/www.betrisey.ch\/wp-content\/uploads\/2024\/05\/protocole-768x663.jpg 768w, https:\/\/www.betrisey.ch\/wp-content\/uploads\/2024\/05\/protocole-1536x1327.jpg 1536w, https:\/\/www.betrisey.ch\/wp-content\/uploads\/2024\/05\/protocole-2048x1769.jpg 2048w\" sizes=\"auto, (max-width: 1024px) 100vw, 1024px\" \/><\/figure>\n\n\n\n<div style=\"height:27px\" aria-hidden=\"true\" class=\"wp-block-spacer\"><\/div>\n\n\n\n<p><strong>Le protocole de mesure.<\/strong><\/p>\n\n\n\n<p>C\u2019est un&nbsp;simple&nbsp;<a href=\"https:\/\/www.betrisey.ch\/minifoucault-n23\">time-lapse<\/a>&nbsp;couvrant un&nbsp;mois \u00e0 raison d\u2019une photo longue pose&nbsp;prise automatiquement chaque heure. Elle est prise par un Raspberry tournant sous Debian avec Allsky g\u00e9rant les prises de vues.<\/p>\n\n\n\n<div style=\"height:27px\" aria-hidden=\"true\" class=\"wp-block-spacer\"><\/div>\n\n\n\n<p><strong>Les mesures de temps de rotations.<\/strong><\/p>\n\n\n\n<p>Elles se constatent sur le time-lapse et couvrent toute la p\u00e9riode entre le 1 et le 25 avril 2024. Nous y constatons 30 demi-rotations \u00e0 la moyenne de 18,4 heures, soit 15 rotations compl\u00e8tes \u00e0 la moyenne de 36.8 heures. Sous ma latitude, le MicroFoucault tourne donc 10% plus lentement que ce qu&#8217;il devrait.<\/p>\n\n\n\n<figure class=\"wp-block-image size-large\"><img loading=\"lazy\" decoding=\"async\" width=\"1024\" height=\"580\" src=\"https:\/\/www.betrisey.ch\/wp-content\/uploads\/2024\/08\/graphique-1024x580.png\" alt=\"\" class=\"wp-image-3744\" srcset=\"https:\/\/www.betrisey.ch\/wp-content\/uploads\/2024\/08\/graphique-1024x580.png 1024w, https:\/\/www.betrisey.ch\/wp-content\/uploads\/2024\/08\/graphique-300x170.png 300w, https:\/\/www.betrisey.ch\/wp-content\/uploads\/2024\/08\/graphique-768x435.png 768w, https:\/\/www.betrisey.ch\/wp-content\/uploads\/2024\/08\/graphique-1536x870.png 1536w, https:\/\/www.betrisey.ch\/wp-content\/uploads\/2024\/08\/graphique.png 1790w\" sizes=\"auto, (max-width: 1024px) 100vw, 1024px\" \/><\/figure>\n\n\n\n<div style=\"height:27px\" aria-hidden=\"true\" class=\"wp-block-spacer\"><\/div>\n\n\n\n<p><strong>Et maintenant&nbsp;?<\/strong><\/p>\n\n\n\n<p>Ce pendule est install\u00e9 dans le caf\u00e9 de la Grenette \u00e0 Sion, o\u00f9 il fonctionne en permanence.<\/p>\n\n\n\n<div style=\"height:27px\" aria-hidden=\"true\" class=\"wp-block-spacer\"><\/div>\n\n\n\n<p><strong>Quelques comparaisons&#8230;<\/strong><\/p>\n\n\n\n<p>Si l&#8217;on prend la liste Wikipedia de tous les <a href=\"https:\/\/en.wikipedia.org\/wiki\/List_of_Foucault_pendulums\">pendules de Foucault<\/a>, la moyenne des longueurs est de 21 m\u00e8tres pour un poids moyen de 100 kilos et un temps d&#8217;oscillation moyen de 9 secondes.<\/p>\n\n\n\n<p>Une r\u00e9cente liste recense 297 pendules de Foucault dans le monde, dont 10 d&#8217;entre eux de moins de 2 m\u00e8tres, et seulement 5 de moins d&#8217;un m\u00e8tre..<\/p>\n\n\n\n<p>Le MiniFoucault n\u00b023 est le plus petit pendule de Foucault public et permanent jamais fait jusqu&#8217;ici. Les quatre autres pendules exp\u00e9rimentaux inf\u00e9rieurs \u00e0 70 cm connus jusqu&#8217;ici furent ceux construits par les laboratoires suivants:<\/p>\n\n\n\n<p>&#8211; H. Richard  Crane, en 1981  (d\u00e9partement de physique d&#8217;Ann Harbor, Michigan), avec un pendule de 70 centim\u00e8tres. (<em>Am.J.Phys, Vol. 49, n\u00b011, November 1981<\/em>)<\/p>\n\n\n\n<p>&#8211; D. Rae Carpenter et Richard B. Minnix (d\u00e9partement de physique de Lexington, Virginie) en 1982 avec un pendule de 50 cm. (<em>Phys. Teach.&nbsp;21, 477\u2013478 (1983<\/em>)<\/p>\n\n\n\n<p>&#8211; Haym Kruglak et S. Steele (d\u00e9partement de physique de Kalamazoo, Michigan) en 1984, avec leur pendule de 25 centim\u00e8tres.&nbsp;(<em>TPT, Vol. 21, # 7, Oct. 1983<\/em>)<\/p>\n\n\n\n<p>&#8211; D.B. Plewes (d\u00e9partment de biophysique, Toronto, Ontario) en 2018, et son pendule de 65.4 centim\u00e8tres. <em>(Rev. Sci. Instrum.&nbsp;89, 065112 June 2018)<\/em><\/p>\n\n\n\n<p><\/p>\n\n\n\n<p><\/p>\n","protected":false},"excerpt":{"rendered":"<p>Tir\u00e9 de la pr\u00e9sentation au colloque \u00abpendule de Foucaul [&hellip;]<\/p>\n","protected":false},"author":2,"featured_media":0,"parent":0,"menu_order":0,"comment_status":"closed","ping_status":"closed","template":"","meta":{"_acf_changed":false,"footnotes":""},"class_list":["post-5343","page","type-page","status-publish","hentry"],"acf":[],"_links":{"self":[{"href":"https:\/\/www.betrisey.ch\/zh-hans\/wp-json\/wp\/v2\/pages\/5343","targetHints":{"allow":["GET"]}}],"collection":[{"href":"https:\/\/www.betrisey.ch\/zh-hans\/wp-json\/wp\/v2\/pages"}],"about":[{"href":"https:\/\/www.betrisey.ch\/zh-hans\/wp-json\/wp\/v2\/types\/page"}],"author":[{"embeddable":true,"href":"https:\/\/www.betrisey.ch\/zh-hans\/wp-json\/wp\/v2\/users\/2"}],"replies":[{"embeddable":true,"href":"https:\/\/www.betrisey.ch\/zh-hans\/wp-json\/wp\/v2\/comments?post=5343"}],"version-history":[{"count":0,"href":"https:\/\/www.betrisey.ch\/zh-hans\/wp-json\/wp\/v2\/pages\/5343\/revisions"}],"wp:attachment":[{"href":"https:\/\/www.betrisey.ch\/zh-hans\/wp-json\/wp\/v2\/media?parent=5343"}],"curies":[{"name":"wp","href":"https:\/\/api.w.org\/{rel}","templated":true}]}}