{"id":5864,"date":"2022-05-20T13:37:23","date_gmt":"2022-05-20T13:37:23","guid":{"rendered":"https:\/\/www.betrisey.ch\/pressbook"},"modified":"2025-03-09T08:39:34","modified_gmt":"2025-03-09T08:39:34","slug":"pressbook","status":"publish","type":"page","link":"https:\/\/www.betrisey.ch\/zh-hans\/pressbook","title":{"rendered":"\u65b0\u95fb\u624b\u518c"},"content":{"rendered":"\n\n<p><code><div class=\"_df_book df-lite\" id=\"df_1466\"  _slug=\"1466\" data-title=\"pressbook\" wpoptions=\"true\" thumb=\"https:\/\/www.betrisey.ch\/wp-content\/uploads\/2022\/05\/pressbook1-1.jpg\" thumbtype=\"\" ><\/div><script class=\"df-shortcode-script\" nowprocket type=\"application\/javascript\">window.option_df_1466 = {\"outline\":[],\"autoEnableOutline\":\"false\",\"autoEnableThumbnail\":\"false\",\"overwritePDFOutline\":\"false\",\"direction\":\"1\",\"pageSize\":\"0\",\"pageMode\":\"0\",\"singlePageMode\":\"0\",\"controlsPosition\":\"bottom\",\"soundEnable\":\"false\",\"source\":\"https:\\\/\\\/www.betrisey.ch\\\/wp-content\\\/uploads\\\/2022\\\/05\\\/pressbook-compresse.pdf\",\"wpOptions\":\"true\"}; if(window.DFLIP && window.DFLIP.parseBooks){window.DFLIP.parseBooks();}<\/script><\/code><\/p>\n\n\n\n\n\n<p><\/p>\n\n\n\n<p><strong>\u4e00\u7bc7\u65b0\u95fb\u62a5\u9053\u7684\u4e3b\u9898\uff1a<\/strong><\/p>\n<p>34) La Feuille \/ 2024\u5e744\u6708 \/ &#8220;Marcel B\u00e9trisey<\/p>\n<p>33) &#8220;La main intellectuelle&#8221; \/ Ariane Schindelholz, Editions Helvetia, p.460 to 471<\/p>\n<p>32) De l&#8217;humanit\u00e9 d\u00e9pos\u00e9e dans de la mati\u00e8re \/ 2021 \u5e74 5 \u6708 \/ NF \u6742\u5fd7<\/p>\n<p>31) 24heures \/ 2 \u6708 11 \u65e5 \/ &#8220;\u5929\u624d\u4e4b\u95f4\u6709\u4ec0\u4e48\u533a\u522b &#8230;.&#8221;<\/p>\n<p>30) MAG Montreux\u827a\u672f\u753b\u5eca\u4e66\u7c4d\uff082016\u5e7411\u6708\uff0c\u7b2c45\u9875\uff09<\/p>\n<p>29) \u300a\u56de\u58f0\u300b\u6742\u5fd7\uff082016 \u5e74 10 \u6708\uff09&#8221;Nu sans mes outils&#8221;\uff08\u6ca1\u6709\u5de5\u5177\u7684\u88f8\u4f53\uff09<\/p>\n<p>28) L&#8217;Ev\u00e8nement\uff082016 \u5e74 3 \u6708\uff09&#8221;au d\u00e9fi du temps&#8221;\uff08\u85d0\u89c6\u65f6\u95f4\uff09<\/p>\n<p>27) Le Nouvelliste\uff082015 \u5e74 9 \u6708 22 \u65e5\uff09\u300aun G\u00e9o trouvetou&#8230;<\/p>\n<p>26) Le Valais \u00e9tonnant et d\u00e9tonnant\uff082014 \u5e74\uff09&#8221;Remettre notre \u00e9poque \u00e0 l&#8217;heure&#8221;\uff08\u8ba9\u6211\u4eec\u7684\u65f6\u4ee3\u91cd\u56de\u6b63\u8f68\uff09<\/p>\n<p>25) Popularmecanics \u6742\u5fd7\/\u83ab\u65af\u79d1\uff082012 \u5e74 5 \u6708\uff09<\/p>\n<p>24) Ca m&#8217;int\u00e9resse \/Hors s\u00e9rie n\u00b0 27 \/ March 2012)<\/p>\n<p>23) \u5982\u4f55\u7528\u4e00\u4e2a\u7b80\u5355\u7684\u949f\u6446\u63a2\u6d4b\u6708\u7403\u7684\u6f6e\u6c50\u6548\u5e94\uff1f\u5fb7\u5c3c-\u72c4\u5fb7\u7f57\u5927\u5b66, 2012\u5e741\u670815\u65e5)<\/p>\n<p>22) \u5982\u4f55\u63a2\u6d4b\u5730\u7403\u7ed5\u6708\u7403\u7684\u81ea\u8f6c\uff1f<\/p>\n<p>21) \u53d1\u73b0\u4e0e\u53d1\u660e\u767e\u79d1\u5168\u4e66\uff0c\u7b2c 14 \u5377\uff0c\u7b2c 98 \u9875\uff082011 \u5e74\uff09<\/p>\n<p>20) Bulletin des mus\u00e9es fran\u00e7ais n\u00b023 (2007)<\/p>\n<p>19) Makers: The power of light \/ Bob Parks, 2005 \/ O&#8217;Reilly books California<\/p>\n<p>18) Chronometrophilia: Art, Science or watchmaking? 2004 \u5e74\u51ac<\/p>\n<p>17) The Life and Science of L\u00e9on Foucault, William Tobin Cambridge University Press 2003.<\/p>\n<p>16) Horological Times \/ 2003 \u5e74 5 \u6708 \/ Marcel B\u00e9trisey \u8f90\u5c04\u949f\uff08\u7f8e\u56fd\u949f\u8868\u5236\u9020\u5546\u534f\u4f1a\uff09<\/p>\n<p>15) Pinseri\uff08\u745e\u5178\uff09\/2003 \u5e74 2 \u6708 \/ &#8220;Marcel B\u00e9trisey tekee udeite kellodja&#8230;&#8221;\u3002<\/p>\n<p>14) Scaner &#8211; magazyn informatyczny\uff08\u6ce2\u5170\uff09\/ Dawid Gatti \/ &#8220;Bomysl to nie vszystko, trzeba jeszcze&#8221; (Bomysl to nie vszystko, trzeba jeszcze)<\/p>\n<p>13) Orologi (\u610f\u5927\u5229) Curiosit\u00e0, in tema, nascoste tra le pieghe della Rete (Paola Parmendola)<\/p>\n<p>12) Horological Science Newsletter\uff08\u7f8e\u56fd\uff09&#8221;Marcel B\u00e9trisey \u7684\u65f6\u949f\uff0c\u4f5c\u8005 Bob Holmstr\u00f6m<\/p>\n<p>11) Le Nouvelliste \/ 2002 \u5e74 7 \u6708 22 \u65e5 &#8220;Une heure lumi\u00e8re&#8221; \uff08\u5149\u7684\u4e00\u5c0f\u65f6\uff09<\/p>\n<p>10) Le Matin \/ 2002 \u5e74 4 \u6708 22 \u65e5 &#8220;Chronolith coveted&#8221; \uff08\u68a6\u5bd0\u4ee5\u6c42\u7684\u5929\u6587\u949f<\/p>\n<p>9) l&#8217;Orologio (Italy) \/ maggio 2001 \/ Marcel B\u00e9trisey, l&#8217;inventore pazzo<\/p>\n<p>8) L&#8217;Illustr\u00e9 \/ 2001 \u5e74 1 \u6708 10 \u65e5 \/ &#8220;Les folles pendules d&#8217;un g\u00e9nie valaisan&#8221; (\u74e6\u83b1\u5dde\u5929\u624d\u7684\u75af\u72c2\u65f6\u949f)<\/p>\n<p>7) 24 heures \/ 2000\u5e7412\u670829\u65e5 \/ &#8220;Roulements habiles&#8221;\uff08\u719f\u7ec3\u7684\u8f74\u627f\uff09<\/p>\n<p>6) Nouvelliste \/ 2000\u5e7411\u670821\u65e5 \/ &#8220;Tic tac et billes en t\u00eate&#8221; \uff08\u300a\u5fc3\u4e2d\u7684Tic tac\u548c\u7403\u300b\uff09 5) Nouvelliste \/ 2000\u5e7411\u670821\u65e5 \/ &#8220;Tic tac et billes en t\u00eate&#8221; \uff08\u300a\u5fc3\u4e2d\u7684\u7403<\/p>\n<p>5) Nouvelliste \/ 1999 \u5e74 4 \u6708 29 \u65e5 7 \/ &#8220;Un objet unique&#8221;\uff08\u4e00\u4ef6\u72ec\u7279\u7684\u7269\u54c1\uff09<\/p>\n<p>4) Femina \/ 1998 \u5e74 9 \u6708 6 \u65e5 \/ &#8220;Envoyez la musique&#8221; (\u9001\u97f3\u4e50)<\/p>\n<p>3) Nouvelliste \/ 1997\u5e748\u6708 \/ &#8220;Not such a mad inventor&#8221; (\u4e0d\u662f\u4e00\u4e2a\u75af\u72c2\u7684\u53d1\u660e\u5bb6)\u3002<\/p>\n<p>2) Le Nouveau Quotidien \/ 1997 \u5e74 2 \u6708 28 \u65e5 \/ &#8220;La passion du tournevis&#8221; (\u5bf9\u87ba\u4e1d\u8d77\u5b50\u7684\u70ed\u60c5)<\/p>\n<p>1) Nouvelliste \/ 1994 \u5e74 8 \u6708 \/ &#8220;The mad inventor&#8221;\uff08\u75af\u72c2\u7684\u53d1\u660e\u5bb6<\/p>\n<p><strong>\u7535\u89c6\u548c\u5e7f\u64ad\u8282\u76ee<\/strong><\/p>\n<p>Canal 9 \/ 2000 \u5e74 4 \u6708 31 \u65e5<\/p>\n<p>T\u00e9l\u00e9vision Suisse Romande \/ Tout en R\u00e9gions \/ 1998 \u5e74 4 \u6708<\/p>\n<p>Canal 9 \/ 2001 \u5e74 1 \u6708 10 \u65e5<\/p>\n<p>\u745e\u58eb\u7f57\u66fc\u7535\u89c6\u53f0 \/ Tout en R\u00e9gions \/ 2001 \u5e74 1 \u6708 3 \u65e5<\/p>\n<p>\u745e\u58eb\u7f57\u66fc\u7535\u89c6\u53f0 \/De Si de La \/ 2001\u5e742\u67083\u65e5<\/p>\n<p>\u745e\u58eb\u5e7f\u64ad\u7535\u89c6\u53f0 \/ Zig Zag Caf\u00e9 \/ 2002\u5e744\u670820\u65e5<\/p>\n<p>TV 5 international \/ 2002\u5e744\u670825\u65e5<\/p>\n<p>\u745e\u58eb\u7f57\u66fc\u7535\u89c6\u53f0 \/ Tout en R\u00e9gions \/ 2002\u5e746\u6708<\/p>\n<p>Canal 9 \/ 2002\u5e7411\u6708 \/ Le journal<\/p>\n<p>Canal 9 \/ 2003 \u5e74 7 \u6708 \/ Le journal<\/p>\n<p>\u745e\u58eb\u5fb7\u56fd\u7535\u89c6\u53f0\uff08DRS\uff09\/Fensterplatz \/ 2004\u5e742\u670812\u65e5<\/p>\n<p>\u6cd5\u56fd\u56fd\u7c73<a href=\"https:\/\/2022.betrisey.ch\/france-inter\" data-type=\"page\" data-id=\"1405\">\u514b\u5229\u65af\u5d29\u6e83<\/a>2009 \u5e74 3 \u6708<\/p>\n<p>TFI \/ REPORTAGES:<a href=\"https:\/\/2022.betrisey.ch\/les-inventeurs\" data-type=\"page\" data-id=\"1402\">&#8220;les inventeurs<\/a>&#8221; 2010 \u5e74 11 \u6708<\/p>\n<p>RTS1 \/<a href=\"https:\/\/www.youtube.com\/watch?v=MR7f8EBhNFc\">&#8220;Passe-moi les jumelles<\/a>&#8221; 2017 \u5e74 4 \u6708<\/p>\n<p><a href=\"https:\/\/www.rhonefm.ch\/actualites\/lexposition-retro-perspectives-presente-70-pieces-de-marcel-betrisey\">RhoneFM<\/a>\/ \u74e6\u83b1\u5dde\u6587\u5316 \/ 2021\u5e748\u670826\u65e5<\/p>\n<p><a href=\"https:\/\/www.rts.ch\/play\/tv\/bon-debarras-\/video\/troistorrents-vs--avec-camille-trolliet-et-marcel-betrisey?urn=urn:rts:video:12469211\">RTS1<\/a>\/ \u518d\u89c1 \/ 21\u5e749\u670810\u65e5<\/p>\n<p><a href=\"https:\/\/2022.betrisey.ch\/au-bar-des-pognes\" data-type=\"page\" data-id=\"1398\">Au bar des pognes<\/a>Nina Pellegrini \/ 2021\u5e749\u67085\u65e5<\/p>\n<p><strong>\u5c55\u89c8\uff1a <\/strong><\/p>\n<p>Sion Expo \/ Manhattan Audio \/ 1996 and 1997<\/p>\n<p>\u9a6c\u8482\u5c3c\u5de5\u4f5c\u5ba4 \/ 1997\u5e74\u548c2000\u5e74<\/p>\n<p>MIT \u62c9\u7ecd\u5fb7\u5c01\u56fd\u9645\u949f\u8868\u535a\u7269\u9986 &#8220;L&#8217;heure publique&#8221; \/ 2000\u5e74\u590f<\/p>\n<p>\u9521\u6c38\u683c\u5170\u5fb7\u65b9\u4e39\u753b\u5eca\/2000\u5e7412\u670828\u65e5\u81f32001\u5e741\u670820\u65e5<\/p>\n<p>2002\u5e74TASIS\u590f\u5b63\u827a\u672f\u8282\/\u63d0\u5951\u8bfa\u5dde\u8499\u5854\u683c\u8bfa\u62c9\/\u745e\u58eb<\/p>\n<p><a href=\"https:\/\/2022.betrisey.ch\/musee-international-dhorlogerie\" data-type=\"page\" data-id=\"1391\">MIT<\/a>\u56fd\u9645\u949f\u8868\u535a\u7269\u9986\uff0c\u62c9\u7ecd\u5fb7\u5c01\/2002 \u5e74 8 \u6708\u81f3 2003 \u5e74 8 \u6708<\/p>\n<p><a href=\"https:\/\/2022.betrisey.ch\/la-villette\" data-type=\"page\" data-id=\"1385\">\u7ef4\u83b1\u7279\u79d1\u5b66\u57ce<\/a>\uff0c\u5df4\u9ece\uff0c2006 \u5e74 6 \u6708<\/p>\n<p>MAD \u535a\u7269\u9986\/\u82f1\u56fd\u57c3\u6587\u6cb3\u7554\u65af\u7279\u62c9\u7279\u798f\/2012 \u5e74\u81f3 2014 \u5e74)<\/p>\n<p>MAG \u8499\u7279\u52d2\u7f8e\u672f\u9986 \/ 2016\u5e7411\u67089\u65e5\u81f320\u65e5<\/p>\n<p>\u590f\u5e03\u5c14\u535a\u7269\u9986\uff08Mus\u00e9e du Ch\u00e2ble\uff09\/\u5df4\u6d85\uff08Bagnes\uff09\/2016 \u5e74 3 \u6708\u548c 2017 \u5e74 2 \u6708<\/p>\n<p>\u5df4\u585e\u5c14\u56fd\u9645\u949f\u8868\u73e0\u5b9d\u5c55\uff08Baselworld\uff09\/\u5df4\u585e\u5c14\/\u90a6\u8d1d\u683c\u4e4b\u5bb6\uff08The Bomberg House\uff09\/2017\u5e743\u670823\u65e5\u81f330\u65e5<\/p>\n<p><a href=\"https:\/\/2022.betrisey.ch\/phaeno\" data-type=\"page\" data-id=\"1373\">PHAENO<\/a>\u79d1\u6280\u535a\u7269\u9986 \/ \u5fb7\u56fd\u6c83\u5c14\u592b\u65af\u5821 \/ 2017 \u5e74 12 \u6708\u81f3 2019 \u5e74 2 \u6708<\/p>\n<p><a href=\"https:\/\/2022.betrisey.ch\/retroperspectives\" data-type=\"page\" data-id=\"1343\">&#8220;\u56de\u987e\u5c55 &#8220;<\/a>\u4e09\u8054\u5c55\uff1a\u683c\u52d2\u5185\u7279\u753b\u5eca \/ Les Arsenaux \/ \u683c\u52d2\u5185\u7279\u5496\u5561\u9986 \/ 2021\u5e748\u670827\u65e5\u81f310\u670817\u65e5 <\/p>\n<p>API\u535a\u7269\u9986 \/ \u65e5\u5185\u74e6 \/ 2022\u5e741\u6708\u81f33\u6708<\/p>\n<p>Pur&#8217;Up \/ \u97e6\u5c14\u6bd4\u8036 \/ 2023\u5e747\u670821\u65e5\u81f38\u670813\u65e5<\/p>\n<p>&#8220;L&#8217;Infinir \/ \u6d1b\u6851\uff0c2023\u5e7412\u67087\u65e5<\/p>\n<p><strong>CD\u4e3b\u9898<\/strong>\uff1a<\/p>\n<p>\u7406\u67e5\u5fb7-\u8ba9\uff08Richard Jean\uff09\/\u300a\u5348\u591c\u65f6\u5206\u300b\uff08Around Midnight\uff09\/1999 \u5e74 12 \u6708\uff08\u8be5\u789f\u4ee5 &#8220;L&#8217;Anachrone &#8220;\u4e2d 144 \u4e2a\u5348\u591c\u7403\u7684\u5760\u843d\u4e3a\u5f00\u5934<\/p>\n<div class=\"open_grepper_editor\" title=\"Edit &#038; Save To Grepper\"> <\/div>\n\n\n\n<p><\/p>\n\n","protected":false},"excerpt":{"rendered":"<p>\u4e00\u7bc7\u65b0\u95fb\u62a5\u9053\u7684\u4e3b\u9898\uff1a 34) La Feuille \/ 2024\u5e744\u6708 \/ &#8220;Marcel B\u00e9t [&hellip;]<\/p>\n","protected":false},"author":2,"featured_media":0,"parent":0,"menu_order":0,"comment_status":"closed","ping_status":"closed","template":"","meta":{"_acf_changed":false,"footnotes":""},"class_list":["post-5864","page","type-page","status-publish","hentry"],"acf":[],"_links":{"self":[{"href":"https:\/\/www.betrisey.ch\/zh-hans\/wp-json\/wp\/v2\/pages\/5864","targetHints":{"allow":["GET"]}}],"collection":[{"href":"https:\/\/www.betrisey.ch\/zh-hans\/wp-json\/wp\/v2\/pages"}],"about":[{"href":"https:\/\/www.betrisey.ch\/zh-hans\/wp-json\/wp\/v2\/types\/page"}],"author":[{"embeddable":true,"href":"https:\/\/www.betrisey.ch\/zh-hans\/wp-json\/wp\/v2\/users\/2"}],"replies":[{"embeddable":true,"href":"https:\/\/www.betrisey.ch\/zh-hans\/wp-json\/wp\/v2\/comments?post=5864"}],"version-history":[{"count":1,"href":"https:\/\/www.betrisey.ch\/zh-hans\/wp-json\/wp\/v2\/pages\/5864\/revisions"}],"predecessor-version":[{"id":5865,"href":"https:\/\/www.betrisey.ch\/zh-hans\/wp-json\/wp\/v2\/pages\/5864\/revisions\/5865"}],"wp:attachment":[{"href":"https:\/\/www.betrisey.ch\/zh-hans\/wp-json\/wp\/v2\/media?parent=5864"}],"curies":[{"name":"wp","href":"https:\/\/api.w.org\/{rel}","templated":true}]}}